{"id":66,"date":"2019-04-02T11:54:25","date_gmt":"2019-04-02T15:54:25","guid":{"rendered":"http:\/\/cepva.edu.do\/?page_id=66"},"modified":"2019-04-02T12:30:44","modified_gmt":"2019-04-02T16:30:44","slug":"filosofia-institucional","status":"publish","type":"page","link":"https:\/\/cepva.edu.do\/?page_id=66","title":{"rendered":"Filosof\u00eda institucional"},"content":{"rendered":"\n<h3 class=\"wp-block-heading\"><strong><font color=\"#4169E1\">MISI\u00d3N<\/font><\/strong><\/h3>\n\n\n\n<p>Somos un <strong>Centro Educativo<\/strong> que promueve una educaci\u00f3n integral, cristiana y preparada para la vida desarrollando las potencialidades del estudiantado desde una pedagog\u00eda centrada en la persona que fomenta el esp\u00edritu cr\u00edtico-propositivo, investigador-creativo para interesarse en el mundo laboral y colaborar en la transformaci\u00f3n de una sociedad m\u00e1s humana.<\/p>\n\n\n\n<h3 class=\"wp-block-heading\"><strong><font color=\"#4169E1\">VISI\u00d3N<br><\/font><\/strong><\/h3>\n\n\n\n<p>Ser un <strong>Centro Educativo<\/strong> que responda a las exigencias de la sociedad del conocimiento, mediante el proceso de innovaci\u00f3n metodol\u00f3gica y tecnol\u00f3gica, que ampli\u00e9 las ofertas de las modalidades t\u00e9cnico profesional y fortalezca el ambiente de comunidad gratificante para todas y todos.<\/p>\n\n\n\n<p><h3><strong><font color=\"#4169E1\">VALORES<br><\/font><\/strong><\/h3><\/p><ul><li>AMOR<\/li><li> RESPONSABILIDAD<\/li><li> JUSTICIA<\/li><li> RESPETO<\/li><li> HUMILDAD<\/li><li> SOLIDARIDAD<\/li><\/ul>\n\n\n\n<p><\/p>\n","protected":false},"excerpt":{"rendered":"<p>MISI\u00d3N Somos un Centro Educativo que promueve una educaci\u00f3n integral, cristiana y preparada para la vida desarrollando las potencialidades del estudiantado desde una pedagog\u00eda centrada en la persona que fomenta el esp\u00edritu cr\u00edtico-propositivo, investigador-creativo para interesarse en el mundo laboral y colaborar en la transformaci\u00f3n de una sociedad m\u00e1s humana. VISI\u00d3N Ser un Centro Educativo [&hellip;]<\/p>\n","protected":false},"author":1,"featured_media":0,"parent":0,"menu_order":0,"comment_status":"closed","ping_status":"closed","template":"","meta":{"footnotes":""},"class_list":["post-66","page","type-page","status-publish","hentry"],"_links":{"self":[{"href":"https:\/\/cepva.edu.do\/index.php?rest_route=\/wp\/v2\/pages\/66","targetHints":{"allow":["GET"]}}],"collection":[{"href":"https:\/\/cepva.edu.do\/index.php?rest_route=\/wp\/v2\/pages"}],"about":[{"href":"https:\/\/cepva.edu.do\/index.php?rest_route=\/wp\/v2\/types\/page"}],"author":[{"embeddable":true,"href":"https:\/\/cepva.edu.do\/index.php?rest_route=\/wp\/v2\/users\/1"}],"replies":[{"embeddable":true,"href":"https:\/\/cepva.edu.do\/index.php?rest_route=%2Fwp%2Fv2%2Fcomments&post=66"}],"version-history":[{"count":6,"href":"https:\/\/cepva.edu.do\/index.php?rest_route=\/wp\/v2\/pages\/66\/revisions"}],"predecessor-version":[{"id":75,"href":"https:\/\/cepva.edu.do\/index.php?rest_route=\/wp\/v2\/pages\/66\/revisions\/75"}],"wp:attachment":[{"href":"https:\/\/cepva.edu.do\/index.php?rest_route=%2Fwp%2Fv2%2Fmedia&parent=66"}],"curies":[{"name":"wp","href":"https:\/\/api.w.org\/{rel}","templated":true}]}}