{"id":59,"date":"2019-04-02T10:32:00","date_gmt":"2019-04-02T14:32:00","guid":{"rendered":"http:\/\/cepva.edu.do\/?page_id=59"},"modified":"2019-04-02T10:32:01","modified_gmt":"2019-04-02T14:32:01","slug":"resena-historica","status":"publish","type":"page","link":"https:\/\/cepva.edu.do\/?page_id=59","title":{"rendered":"Rese\u00f1a Hist\u00f3rica"},"content":{"rendered":"\n<p>Su nombre se debe a la\u00a0advocaci\u00f3n\u00a0mariana\u00a0patrona de la\u00a0Rep\u00fablica Dominicana; la\u00a0Virgen de la Altagracia\u00a0denominaci\u00f3n que lleva desde 1971.<\/p>\n\n\n\n<p>La escuela en sus inicios era dirigida por las\u00a0monjas\u00a0de la\u00a0Congregaci\u00f3n de las Hijas de Jes\u00fas\u00a0y dedicada de modo parcial a la\u00a0educaci\u00f3n diferenciada. Era una escuela pr\u00e1cticamente de se\u00f1oritas. Aunque hab\u00eda algunos varones estos deb\u00edan cursar solo hasta sexto curso de b\u00e1sica y haber iniciado sus estudios all\u00ed desde la educaci\u00f3n inicial. Solo en la d\u00e9cada de los\u00a090&#8217;s\u00a0al 2010 se abre la matriculaci\u00f3n a ambos sexos convirti\u00e9ndose al modelo\u00a0coeducacional.<\/p>\n","protected":false},"excerpt":{"rendered":"<p>Su nombre se debe a la\u00a0advocaci\u00f3n\u00a0mariana\u00a0patrona de la\u00a0Rep\u00fablica Dominicana; la\u00a0Virgen de la Altagracia\u00a0denominaci\u00f3n que lleva desde 1971. La escuela en sus inicios era dirigida por las\u00a0monjas\u00a0de la\u00a0Congregaci\u00f3n de las Hijas de Jes\u00fas\u00a0y dedicada de modo parcial a la\u00a0educaci\u00f3n diferenciada. Era una escuela pr\u00e1cticamente de se\u00f1oritas. Aunque hab\u00eda algunos varones estos deb\u00edan cursar solo hasta sexto [&hellip;]<\/p>\n","protected":false},"author":1,"featured_media":0,"parent":0,"menu_order":0,"comment_status":"closed","ping_status":"closed","template":"","meta":{"footnotes":""},"class_list":["post-59","page","type-page","status-publish","hentry"],"_links":{"self":[{"href":"https:\/\/cepva.edu.do\/index.php?rest_route=\/wp\/v2\/pages\/59","targetHints":{"allow":["GET"]}}],"collection":[{"href":"https:\/\/cepva.edu.do\/index.php?rest_route=\/wp\/v2\/pages"}],"about":[{"href":"https:\/\/cepva.edu.do\/index.php?rest_route=\/wp\/v2\/types\/page"}],"author":[{"embeddable":true,"href":"https:\/\/cepva.edu.do\/index.php?rest_route=\/wp\/v2\/users\/1"}],"replies":[{"embeddable":true,"href":"https:\/\/cepva.edu.do\/index.php?rest_route=%2Fwp%2Fv2%2Fcomments&post=59"}],"version-history":[{"count":1,"href":"https:\/\/cepva.edu.do\/index.php?rest_route=\/wp\/v2\/pages\/59\/revisions"}],"predecessor-version":[{"id":60,"href":"https:\/\/cepva.edu.do\/index.php?rest_route=\/wp\/v2\/pages\/59\/revisions\/60"}],"wp:attachment":[{"href":"https:\/\/cepva.edu.do\/index.php?rest_route=%2Fwp%2Fv2%2Fmedia&parent=59"}],"curies":[{"name":"wp","href":"https:\/\/api.w.org\/{rel}","templated":true}]}}