{"id":548,"date":"2021-10-18T00:25:58","date_gmt":"2021-10-18T04:25:58","guid":{"rendered":"https:\/\/cepva.edu.do\/?page_id=548"},"modified":"2021-10-18T00:25:59","modified_gmt":"2021-10-18T04:25:59","slug":"bachillerato-tecnico-en-gestion-administrativa-y-tributaria","status":"publish","type":"page","link":"https:\/\/cepva.edu.do\/?page_id=548","title":{"rendered":"BACHILLERATO T\u00c9CNICO EN GESTI\u00d3N ADMINISTRATIVA Y TRIBUTARIA"},"content":{"rendered":"\n<p><strong>IDENTIFICACI\u00d3N DEL T\u00cdTULO<\/strong><\/p>\n\n\n\n<p><strong>Denominaci\u00f3n:<\/strong> Gesti\u00f3n Administrativa y Tributaria<\/p>\n\n\n\n<p>Familia Profesional: Administraci\u00f3n y Comercio<\/p>\n\n\n\n<p><strong>Nivel:<\/strong> 3_Bachiller T\u00e9cnico<\/p>\n\n\n\n<p><strong>C\u00f3digo:<\/strong> AYC038_3<\/p>\n\n\n\n<p><strong>PERFIL PROFESIONAL<\/strong><\/p>\n\n\n\n<p>Competencia General Realizar actividades de gesti\u00f3n administrativa en el \u00e1mbito laboral, contable, comercial, financiero, as\u00ed como de atenci\u00f3n al cliente-usuario, tanto en empresas p\u00fablicas como privadas. Tambi\u00e9n asistir\u00e1 al usuario o contribuyente en los procedimientos de gesti\u00f3n y tramitaci\u00f3n de documentaci\u00f3n en la Administraci\u00f3n P\u00fablica, y en los procedimientos administrativos de gesti\u00f3n, inspecci\u00f3n y recaudaci\u00f3n de impuestos, aplicando la normativa vigente, asegurando la satisfacci\u00f3n de la clientela y actuando seg\u00fan normas de seguridad y salud.<\/p>\n\n\n\n<p><strong>Entorno Profesional<\/strong><\/p>\n\n\n\n<p><span style=\"text-decoration: underline;\"><strong>\u00c1mbito Profesional<\/strong><\/span><\/p>\n\n\n\n<p>Desarrolla su actividad por cuenta propia, en cualquier empresa o entidad del sector privado o p\u00fablico, principalmente en un departamento comercial, un departamento de compras y\/o almac\u00e9n, o en un servicio de recepci\u00f3n, registro, atenci\u00f3n de reclamaciones o atenci\u00f3n postventa, realizando las funciones a instancias de un(a) responsable superior.<\/p>\n\n\n\n<p><strong><span style=\"text-decoration: underline;\">Sectores Productivos<\/span><\/strong><\/p>\n\n\n\n<p>Sectores productivos privados y p\u00fablicos y en la Administraci\u00f3n P\u00fablica, en los que desarrollan procesos y procedimientos de gesti\u00f3n administrativa y tributaria.<\/p>\n\n\n\n<p><span style=\"text-decoration: underline;\"><strong>Ocupaciones y puestos de trabajo relevantes<\/strong><\/span><\/p>\n\n\n\n<p>Referente internacional: Clasificaci\u00f3n Internacional Uniforme de Ocupaciones (CIUO) 2008<\/p>\n\n\n\n<p>Oficinistas generales.<\/p>\n\n\n\n<p>Secretarios generales.<\/p>\n\n\n\n<p>Operadores de m\u00e1quinas de procesamiento de texto y mecan\u00f3grafos(as).<\/p>\n\n\n\n<p>Empleados de ventanillas de informaciones.<\/p>\n\n\n\n<p>Recepcionistas generales.<\/p>\n\n\n\n<p>Empleados de servicios de informaci\u00f3n al cliente no clasificados bajo otros ep\u00edgrafes.<\/p>\n\n\n\n<p>Empleados de contabilidad y c\u00e1lculo de costos.<\/p>\n\n\n\n<p>Empleados de servicios estad\u00edsticos, financieros y de seguros.<\/p>\n\n\n\n<p>Empleados encargados de las n\u00f3minas.<\/p>\n\n\n\n<p>Empleados de archivos.<\/p>\n\n\n\n<p>Empleados del servicio de personal.<\/p>\n\n\n\n<p>Organizadores de conferencias y eventos.<\/p>\n\n\n\n<p>Agentes de aduana e inspectores de fronteras.<\/p>\n\n\n\n<p>Agentes de administraci\u00f3n tributaria.<\/p>\n\n\n\n<p><span style=\"text-decoration: underline;\"><strong>Otras ocupaciones:<\/strong><\/span><\/p>\n\n\n\n<p>Auxiliar administrativo con tareas de atenci\u00f3n al p\u00fablico.<\/p>\n\n\n\n<p>Auxiliar de apoyo administrativo a la gesti\u00f3n de compra y\/o venta.<\/p>\n\n\n\n<p>Auxiliar administrativo comercial.<\/p>\n\n\n\n<p>Recepcionista.<\/p>\n\n\n\n<p>Operador de atenci\u00f3n telef\u00f3nica<\/p>\n\n\n\n<p>Auxiliar administrativo de cobros y pagos.<\/p>\n\n\n\n<p>Auxiliar administrativo de contabilidad.<\/p>\n\n\n\n<p>Auxiliar administrativo de facturaci\u00f3n.<\/p>\n\n\n\n<p>Auxiliar administrativo comercial.<\/p>\n\n\n\n<p>Auxiliar administrativo del departamento de Recursos Humanos.<\/p>\n\n\n\n<p>Auxiliar de apoyo administrativo de compra y venta.<\/p>\n\n\n\n<p>Auxiliar administrativo de las distintas Administraciones P\u00fablicas.<\/p>\n\n\n\n<p>Auxiliar administrativo de Banca y Seguros.<\/p>\n","protected":false},"excerpt":{"rendered":"<p>IDENTIFICACI\u00d3N DEL T\u00cdTULO Denominaci\u00f3n: Gesti\u00f3n Administrativa y Tributaria Familia Profesional: Administraci\u00f3n y Comercio Nivel: 3_Bachiller T\u00e9cnico C\u00f3digo: AYC038_3 PERFIL PROFESIONAL Competencia General Realizar actividades de gesti\u00f3n administrativa en el \u00e1mbito laboral, contable, comercial, financiero, as\u00ed como de atenci\u00f3n al cliente-usuario, tanto en empresas p\u00fablicas como privadas. Tambi\u00e9n asistir\u00e1 al usuario o contribuyente en los procedimientos [&hellip;]<\/p>\n","protected":false},"author":1,"featured_media":0,"parent":0,"menu_order":0,"comment_status":"closed","ping_status":"closed","template":"","meta":{"footnotes":""},"class_list":["post-548","page","type-page","status-publish","hentry"],"_links":{"self":[{"href":"https:\/\/cepva.edu.do\/index.php?rest_route=\/wp\/v2\/pages\/548","targetHints":{"allow":["GET"]}}],"collection":[{"href":"https:\/\/cepva.edu.do\/index.php?rest_route=\/wp\/v2\/pages"}],"about":[{"href":"https:\/\/cepva.edu.do\/index.php?rest_route=\/wp\/v2\/types\/page"}],"author":[{"embeddable":true,"href":"https:\/\/cepva.edu.do\/index.php?rest_route=\/wp\/v2\/users\/1"}],"replies":[{"embeddable":true,"href":"https:\/\/cepva.edu.do\/index.php?rest_route=%2Fwp%2Fv2%2Fcomments&post=548"}],"version-history":[{"count":1,"href":"https:\/\/cepva.edu.do\/index.php?rest_route=\/wp\/v2\/pages\/548\/revisions"}],"predecessor-version":[{"id":549,"href":"https:\/\/cepva.edu.do\/index.php?rest_route=\/wp\/v2\/pages\/548\/revisions\/549"}],"wp:attachment":[{"href":"https:\/\/cepva.edu.do\/index.php?rest_route=%2Fwp%2Fv2%2Fmedia&parent=548"}],"curies":[{"name":"wp","href":"https:\/\/api.w.org\/{rel}","templated":true}]}}