{"id":42,"date":"2019-04-02T09:17:53","date_gmt":"2019-04-02T13:17:53","guid":{"rendered":"http:\/\/cepva.edu.do\/?page_id=42"},"modified":"2019-05-13T14:38:21","modified_gmt":"2019-05-13T18:38:21","slug":"conoce-a-cepva","status":"publish","type":"page","link":"https:\/\/cepva.edu.do\/?page_id=42","title":{"rendered":"Conoce a CEPVA"},"content":{"rendered":"\n<h2 class=\"wp-block-heading\"><strong><font color=\"#4169E1\">Centro Educativo Polit\u00e9cnico Virgen de la Altagracia<\/font><\/strong><\/h2>\n\n\n\n<p style=\"\u201dtext-decoration:\" justify;\u201d=\"\">Es una Instituci\u00f3n dominicana de educaci\u00f3n primaria y secundaria fundada el 15 de noviembre de 1970 por la congregaci\u00f3n cat\u00f3lica \u00abHijas de Jes\u00fas\u00bb procedente de Espa\u00f1a. El recinto educativo est\u00e1 ubicado en la Avenida Presidente Hugo Ch\u00e1vez Fr\u00edas del Sector San Lorenzo de Los Mina, Santo Domingo Este. <\/p>\n\n\n\n<p style=\"\u201dtext-decoration:\" justify;\u201d=\"\">La instituci\u00f3n es destacada por la ense\u00f1anza en las diferentes \u00e1reas t\u00e9cnicas que ofrece, en las cuales los estudiantes tienen la libertad de elegir entre: Contabilidad Comercial y Secretariado, Enfermer\u00eda, Inform\u00e1tica, Mercadeo, Finanzas, y tambi\u00e9n, Administraci\u00f3n P\u00fablica y Tributaria.<\/p>\n\n\n\n<p><h3><strong><font color=\"#4169E1\">Nombre Institucional<\/font><\/strong><\/h3><\/p>\n\n\n\n<h3 class=\"wp-block-heading\"><strong><font color=\"#4169E1\">Logo S\u00edmbolo<\/font><\/strong><\/h3>\n\n\n\n<div class=\"wp-block-media-text alignwide\" style=\"grid-template-columns:13% auto\"><figure class=\"wp-block-media-text__media\"><img loading=\"lazy\" decoding=\"async\" width=\"200\" height=\"200\" src=\"https:\/\/cepva.edu.do\/wp-content\/uploads\/2019\/04\/logopolitecnico-removebg-1-1.png\" alt=\"\" class=\"wp-image-78\" srcset=\"https:\/\/cepva.edu.do\/wp-content\/uploads\/2019\/04\/logopolitecnico-removebg-1-1.png 200w, https:\/\/cepva.edu.do\/wp-content\/uploads\/2019\/04\/logopolitecnico-removebg-1-1-100x100.png 100w, https:\/\/cepva.edu.do\/wp-content\/uploads\/2019\/04\/logopolitecnico-removebg-1-1-150x150.png 150w\" sizes=\"auto, (max-width: 200px) 100vw, 200px\" \/><\/figure><div class=\"wp-block-media-text__content\">\n<p>Este es el logo del Centro Educativo tambi\u00e9n tiene su historia pr\u00f3ximamente la conocer\u00e1&#8230;<\/p>\n<\/div><\/div>\n\n\n\n<p><h3><strong><FONT COLOR=\"#4169E1\">Bandera<\/strong><\/FONT><\/h3><\/p>\n\n\n\n<p><h3><strong><font color=\"#4169E1\">Himno del centro<\/font><\/strong><\/h3><\/p>\n\n\n\n<p>Estudiantes unidos cantemos<br>\nNuestro himno con viva emoci\u00f3n.<\/p>\n\n\n\n<p>La labor escolar comencemos<br>\nPor la gracia de nuestro se\u00f1or.<\/p>\n\n\n\n<p>Es mejor laborar nuestro trabajo <br>\nen la escuela, pueblo o naci\u00f3n.<\/p>\n\n\n\n<p>El que Dios nos ofrece el trabajo <br>\npara hacer una patria mejor.<\/p>\n\n\n\n<p>(INSTRUMENTAL)<\/p>\n\n\n\n<p>Viviremos a la luz en lo alto,<br>\nSi luchamos con fe y amor.<\/p>\n\n\n\n<p>Es por eso que todos estudiamos <br>\npara vivir un mundo mejor.<\/p>\n\n\n\n<p>El que estudia no pasa trabajo<br>\nPor qu\u00e9 siempre ser\u00e1 el mejor.<\/p>\n\n\n\n<p>Lo mejor es vivir en la vida<br>\ncon grandeza, belleza y amor.<\/p>\n\n\n\n<p>(INSTRUMENTAL 2)<\/p>\n\n\n\n<p>Compa\u00f1eros mostremos en seguida, <br>\nnuestro esfuerzo orgulloso de hoy.<\/p>\n\n\n\n<p>Nuestra escuela seguir\u00e1 trabajando<br>\ncon mayor inter\u00e9s y amor.<\/p>\n\n\n\n<p>Polit\u00e9cnico firme adelante,<br>\nque tus frutos sean la naci\u00f3n.<\/p>\n\n\n\n<p>El hermoso regalo que ofrendas<br>\ncual la virgen nos dio al se\u00f1or.<\/p>\n\n\n\n<p>Polit\u00e9cnico<br>\nPolit\u00e9cnico<br>\nPolit\u00e9cnico\u2026<br>\nVirgen de la Altagracia.<\/p>\n","protected":false},"excerpt":{"rendered":"<p>Centro Educativo Polit\u00e9cnico Virgen de la Altagracia Es una Instituci\u00f3n dominicana de educaci\u00f3n primaria y secundaria fundada el 15 de noviembre de 1970 por la congregaci\u00f3n cat\u00f3lica \u00abHijas de Jes\u00fas\u00bb procedente de Espa\u00f1a. El recinto educativo est\u00e1 ubicado en la Avenida Presidente Hugo Ch\u00e1vez Fr\u00edas del Sector San Lorenzo de Los Mina, Santo Domingo Este. [&hellip;]<\/p>\n","protected":false},"author":1,"featured_media":0,"parent":0,"menu_order":0,"comment_status":"closed","ping_status":"closed","template":"","meta":{"footnotes":""},"class_list":["post-42","page","type-page","status-publish","hentry"],"_links":{"self":[{"href":"https:\/\/cepva.edu.do\/index.php?rest_route=\/wp\/v2\/pages\/42","targetHints":{"allow":["GET"]}}],"collection":[{"href":"https:\/\/cepva.edu.do\/index.php?rest_route=\/wp\/v2\/pages"}],"about":[{"href":"https:\/\/cepva.edu.do\/index.php?rest_route=\/wp\/v2\/types\/page"}],"author":[{"embeddable":true,"href":"https:\/\/cepva.edu.do\/index.php?rest_route=\/wp\/v2\/users\/1"}],"replies":[{"embeddable":true,"href":"https:\/\/cepva.edu.do\/index.php?rest_route=%2Fwp%2Fv2%2Fcomments&post=42"}],"version-history":[{"count":21,"href":"https:\/\/cepva.edu.do\/index.php?rest_route=\/wp\/v2\/pages\/42\/revisions"}],"predecessor-version":[{"id":120,"href":"https:\/\/cepva.edu.do\/index.php?rest_route=\/wp\/v2\/pages\/42\/revisions\/120"}],"wp:attachment":[{"href":"https:\/\/cepva.edu.do\/index.php?rest_route=%2Fwp%2Fv2%2Fmedia&parent=42"}],"curies":[{"name":"wp","href":"https:\/\/api.w.org\/{rel}","templated":true}]}}