{"id":192,"date":"2019-12-11T12:31:22","date_gmt":"2019-12-11T16:31:22","guid":{"rendered":"http:\/\/cepva.edu.do\/?page_id=192"},"modified":"2021-10-17T23:03:24","modified_gmt":"2021-10-18T03:03:24","slug":"centro-educativo-politecnico-virgen-de-la-altagracia-2","status":"publish","type":"page","link":"https:\/\/cepva.edu.do\/","title":{"rendered":"Centro Educativo Polit\u00e9cnico Virgen de la Altagracia."},"content":{"rendered":"\n<div class=\"wp-block-media-text alignwide\"><figure class=\"wp-block-media-text__media\"><img loading=\"lazy\" decoding=\"async\" width=\"640\" height=\"480\" src=\"https:\/\/cepva.edu.do\/wp-content\/uploads\/2019\/12\/Front_of_the_Polit\u00e9cnico_Virgen_de_la_Altagracia_CEPVA-1.jpg\" alt=\"\" class=\"wp-image-193\" srcset=\"https:\/\/cepva.edu.do\/wp-content\/uploads\/2019\/12\/Front_of_the_Polit\u00e9cnico_Virgen_de_la_Altagracia_CEPVA-1.jpg 640w, https:\/\/cepva.edu.do\/wp-content\/uploads\/2019\/12\/Front_of_the_Polit\u00e9cnico_Virgen_de_la_Altagracia_CEPVA-1-600x450.jpg 600w, https:\/\/cepva.edu.do\/wp-content\/uploads\/2019\/12\/Front_of_the_Polit\u00e9cnico_Virgen_de_la_Altagracia_CEPVA-1-300x225.jpg 300w, https:\/\/cepva.edu.do\/wp-content\/uploads\/2019\/12\/Front_of_the_Polit\u00e9cnico_Virgen_de_la_Altagracia_CEPVA-1-400x300.jpg 400w\" sizes=\"auto, (max-width: 640px) 100vw, 640px\" \/><\/figure><div class=\"wp-block-media-text__content\">\n<p>El Centro Educativo Polit\u00e9cnico Virgen de la Altagracia, es un Centro P\u00fablico, de filiaci\u00f3n religiosa Cat\u00f3lica y propiedad del Estado Dominicano. Avalado por las leyes, ordenanzas, resoluciones y decretos de las instituciones p\u00fablicas. Es una Instituci\u00f3n dominicana de educaci\u00f3n Primaria y Secundaria fundada el 15 de noviembre de 1970 por la Congregaci\u00f3n Cat\u00f3lica \u00abHijas de Jes\u00fas\u00bb procedente de Espa\u00f1a.<\/p>\n\n\n\n<p>Su m\u00edstica es un rasgo identificador de la congregaci\u00f3n Religiosa de Las Hijas de Jes\u00fas: La formaci\u00f3n integral y cristiana de la persona, en su dimensi\u00f3n individual, social y transcendente.<\/p>\n\n\n\n<p>Nuestro centro educativo como escuela Cat\u00f3lica est\u00e1 fundamentada en los principios cristianos y con una filosof\u00eda guiada de la mano de las hijas de Jes\u00fas y en consonancia con el ministerio de educaci\u00f3n. La educaci\u00f3n en valores humanos y cristianos permea todo el trabajo del centro. <\/p>\n\n\n\n<p>Su nombre se debe a la&nbsp;advocaci\u00f3n&nbsp;mariana&nbsp;patrona de la&nbsp;Rep\u00fablica Dominicana; la&nbsp;Virgen de la Altagracia&nbsp;denominaci\u00f3n que lleva desde 1971.<\/p>\n\n\n\n<p>La escuela en sus inicios era dirigida por las&nbsp;monjas&nbsp;de la&nbsp;Congregaci\u00f3n de las Hijas de Jes\u00fas&nbsp;y dedicada de modo parcial a la&nbsp;educaci\u00f3n diferenciada. Era una escuela pr\u00e1cticamente de se\u00f1oritas. Aunque hab\u00edan algunos varones estos deb\u00edan cursar solo hasta sexto curso de b\u00e1sica y haber iniciado sus estudios all\u00ed desde la educaci\u00f3n inicial. A partir del a\u00f1o 2000 se abre la matriculaci\u00f3n a ambos sexos convirti\u00e9ndose al modelo&nbsp;coeducacional. <\/p>\n\n\n\n<p>La instituci\u00f3n es destacada por la ense\u00f1anza en las diferentes \u00e1reas t\u00e9cnicas que ofrece, en las cuales los estudiantes tienen la libertad de elegir entre: <\/p>\n\n\n\n<ul class=\"wp-block-list\"><li>Cuidados de Enfermer\u00eda y promoci\u00f3n de la salud,<\/li><li>Gesti\u00f3n Administrativa y Tributaria.<\/li><li>Comercio y Mercadeo<\/li><li>Desarrollo y Administraci\u00f3n de aplicaciones inform\u00e1ticas &nbsp;&nbsp;<\/li><\/ul>\n<\/div><\/div>\n\n\n\n<p><br><\/p>\n","protected":false},"excerpt":{"rendered":"<p>El Centro Educativo Polit\u00e9cnico Virgen de la Altagracia, es un Centro P\u00fablico, de filiaci\u00f3n religiosa Cat\u00f3lica y propiedad del Estado Dominicano. Avalado por las leyes, ordenanzas, resoluciones y decretos de las instituciones p\u00fablicas. Es una Instituci\u00f3n dominicana de educaci\u00f3n Primaria y Secundaria fundada el 15 de noviembre de 1970 por la Congregaci\u00f3n Cat\u00f3lica \u00abHijas de [&hellip;]<\/p>\n","protected":false},"author":1,"featured_media":0,"parent":0,"menu_order":0,"comment_status":"closed","ping_status":"closed","template":"","meta":{"footnotes":""},"class_list":["post-192","page","type-page","status-publish","hentry"],"_links":{"self":[{"href":"https:\/\/cepva.edu.do\/index.php?rest_route=\/wp\/v2\/pages\/192","targetHints":{"allow":["GET"]}}],"collection":[{"href":"https:\/\/cepva.edu.do\/index.php?rest_route=\/wp\/v2\/pages"}],"about":[{"href":"https:\/\/cepva.edu.do\/index.php?rest_route=\/wp\/v2\/types\/page"}],"author":[{"embeddable":true,"href":"https:\/\/cepva.edu.do\/index.php?rest_route=\/wp\/v2\/users\/1"}],"replies":[{"embeddable":true,"href":"https:\/\/cepva.edu.do\/index.php?rest_route=%2Fwp%2Fv2%2Fcomments&post=192"}],"version-history":[{"count":5,"href":"https:\/\/cepva.edu.do\/index.php?rest_route=\/wp\/v2\/pages\/192\/revisions"}],"predecessor-version":[{"id":546,"href":"https:\/\/cepva.edu.do\/index.php?rest_route=\/wp\/v2\/pages\/192\/revisions\/546"}],"wp:attachment":[{"href":"https:\/\/cepva.edu.do\/index.php?rest_route=%2Fwp%2Fv2%2Fmedia&parent=192"}],"curies":[{"name":"wp","href":"https:\/\/api.w.org\/{rel}","templated":true}]}}